{"id":2145,"date":"2023-10-24T10:46:06","date_gmt":"2023-10-24T10:46:06","guid":{"rendered":"https:\/\/naturgesund-bw.de\/?page_id=2145"},"modified":"2024-04-10T14:39:38","modified_gmt":"2024-04-10T14:39:38","slug":"newsletter-signup","status":"publish","type":"page","link":"https:\/\/naturgesund-bw.de\/en\/newsletter-anmeldung\/","title":{"rendered":"Newsletter Signup"},"content":{"rendered":"<div data-elementor-type=\"wp-page\" data-elementor-id=\"2145\" class=\"elementor elementor-2145\" data-elementor-post-type=\"page\">\n\t\t\t\t\t\t<section class=\"elementor-section elementor-top-section elementor-element elementor-element-bbb4162 elementor-section-full_width elementor-section-height-min-height elementor-section-height-default elementor-section-items-middle\" data-id=\"bbb4162\" data-element_type=\"section\" data-e-type=\"section\" data-settings=\"{&quot;background_background&quot;:&quot;classic&quot;}\">\n\t\t\t\t\t\t<div class=\"elementor-container elementor-column-gap-default\">\n\t\t\t\t\t<div class=\"elementor-column elementor-col-20 elementor-top-column elementor-element elementor-element-129e19e\" data-id=\"129e19e\" data-element_type=\"column\" data-e-type=\"column\">\n\t\t\t<div class=\"elementor-widget-wrap\">\n\t\t\t\t\t\t\t<\/div>\n\t\t<\/div>\n\t\t\t\t<div class=\"elementor-column elementor-col-20 elementor-top-column elementor-element elementor-element-c0da852\" data-id=\"c0da852\" data-element_type=\"column\" data-e-type=\"column\">\n\t\t\t<div class=\"elementor-widget-wrap\">\n\t\t\t\t\t\t\t<\/div>\n\t\t<\/div>\n\t\t\t\t<div class=\"elementor-column elementor-col-20 elementor-top-column elementor-element elementor-element-9ac0848\" data-id=\"9ac0848\" data-element_type=\"column\" data-e-type=\"column\">\n\t\t\t<div class=\"elementor-widget-wrap elementor-element-populated\">\n\t\t\t\t\t\t<div class=\"elementor-element elementor-element-64c51fa elementor-widget elementor-widget-heading\" data-id=\"64c51fa\" data-element_type=\"widget\" data-e-type=\"widget\" data-widget_type=\"heading.default\">\n\t\t\t\t<div class=\"elementor-widget-container\">\n\t\t\t\t\t<p class=\"elementor-heading-title elementor-size-default\">STAY UP TO DATE<\/p>\t\t\t\t<\/div>\n\t\t\t\t<\/div>\n\t\t\t\t<div class=\"elementor-element elementor-element-1c81d57 elementor-widget elementor-widget-heading\" data-id=\"1c81d57\" data-element_type=\"widget\" data-e-type=\"widget\" data-widget_type=\"heading.default\">\n\t\t\t\t<div class=\"elementor-widget-container\">\n\t\t\t\t\t<h1 class=\"elementor-heading-title elementor-size-default\">Subscribe to the newsletter<\/h1>\t\t\t\t<\/div>\n\t\t\t\t<\/div>\n\t\t\t\t\t<\/div>\n\t\t<\/div>\n\t\t\t\t<div class=\"elementor-column elementor-col-20 elementor-top-column elementor-element elementor-element-749f017\" data-id=\"749f017\" data-element_type=\"column\" data-e-type=\"column\">\n\t\t\t<div class=\"elementor-widget-wrap\">\n\t\t\t\t\t\t\t<\/div>\n\t\t<\/div>\n\t\t\t\t<div class=\"elementor-column elementor-col-20 elementor-top-column elementor-element elementor-element-b7e8856\" data-id=\"b7e8856\" data-element_type=\"column\" data-e-type=\"column\">\n\t\t\t<div class=\"elementor-widget-wrap\">\n\t\t\t\t\t\t\t<\/div>\n\t\t<\/div>\n\t\t\t\t\t<\/div>\n\t\t<\/section>\n\t\t\t\t<section class=\"elementor-section elementor-top-section elementor-element elementor-element-ba9288b elementor-section-full_width elementor-section-height-default elementor-section-height-default\" data-id=\"ba9288b\" data-element_type=\"section\" data-e-type=\"section\">\n\t\t\t\t\t\t<div class=\"elementor-container elementor-column-gap-default\">\n\t\t\t\t\t<div class=\"elementor-column elementor-col-20 elementor-top-column elementor-element elementor-element-7c0e742\" data-id=\"7c0e742\" data-element_type=\"column\" data-e-type=\"column\">\n\t\t\t<div class=\"elementor-widget-wrap\">\n\t\t\t\t\t\t\t<\/div>\n\t\t<\/div>\n\t\t\t\t<div class=\"elementor-column elementor-col-20 elementor-top-column elementor-element elementor-element-bb0587f\" data-id=\"bb0587f\" data-element_type=\"column\" data-e-type=\"column\">\n\t\t\t<div class=\"elementor-widget-wrap\">\n\t\t\t\t\t\t\t<\/div>\n\t\t<\/div>\n\t\t\t\t<div class=\"elementor-column elementor-col-20 elementor-top-column elementor-element elementor-element-6c559a7\" data-id=\"6c559a7\" data-element_type=\"column\" data-e-type=\"column\">\n\t\t\t<div class=\"elementor-widget-wrap elementor-element-populated\">\n\t\t\t\t\t\t<div class=\"elementor-element elementor-element-97df176 elementor-widget elementor-widget-heading\" data-id=\"97df176\" data-element_type=\"widget\" data-e-type=\"widget\" data-widget_type=\"heading.default\">\n\t\t\t\t<div class=\"elementor-widget-container\">\n\t\t\t\t\t<h2 class=\"elementor-heading-title elementor-size-default\">Sign up<\/h2>\t\t\t\t<\/div>\n\t\t\t\t<\/div>\n\t\t\t\t<div class=\"elementor-element elementor-element-23504f5 elementor-widget elementor-widget-text-editor\" data-id=\"23504f5\" data-element_type=\"widget\" data-e-type=\"widget\" data-widget_type=\"text-editor.default\">\n\t\t\t\t<div class=\"elementor-widget-container\">\n\t\t\t\t\t\t\t\t\t<p>The fields marked with * are mandatory fields that we need to process your request in accordance with our privacy policy. Please note the information on the handling of your data in our <span style=\"color: #000000;\"><a style=\"color: #000000;\" href=\"https:\/\/naturgesund-bw.de\/en\/privacy-policy\/\">Privacy policy<\/a><\/span>.<\/p>\t\t\t\t\t\t\t\t<\/div>\n\t\t\t\t<\/div>\n\t\t\t\t<div class=\"elementor-element elementor-element-b5fbc6a elementor-widget elementor-widget-html\" data-id=\"b5fbc6a\" data-element_type=\"widget\" data-e-type=\"widget\" data-widget_type=\"html.default\">\n\t\t\t\t<div class=\"elementor-widget-container\">\n\t\t\t\t\t<iframe src=\"https:\/\/t106533de.emailsys1a.net\/62\/7001\/73b400b99c\/subscribe\/form.html?_g=1702467064\" frameborder=\"0\" width=\"100%\" height=\"550\"><\/iframe>\t\t\t\t<\/div>\n\t\t\t\t<\/div>\n\t\t\t\t\t<\/div>\n\t\t<\/div>\n\t\t\t\t<div class=\"elementor-column elementor-col-20 elementor-top-column elementor-element elementor-element-757d923\" data-id=\"757d923\" data-element_type=\"column\" data-e-type=\"column\">\n\t\t\t<div class=\"elementor-widget-wrap\">\n\t\t\t\t\t\t\t<\/div>\n\t\t<\/div>\n\t\t\t\t<div class=\"elementor-column elementor-col-20 elementor-top-column elementor-element elementor-element-804ede8\" data-id=\"804ede8\" data-element_type=\"column\" data-e-type=\"column\">\n\t\t\t<div class=\"elementor-widget-wrap\">\n\t\t\t\t\t\t\t<\/div>\n\t\t<\/div>\n\t\t\t\t\t<\/div>\n\t\t<\/section>\n\t\t\t\t<section class=\"elementor-section elementor-top-section elementor-element elementor-element-f931336 elementor-section-full_width elementor-section-height-default elementor-section-height-default\" data-id=\"f931336\" data-element_type=\"section\" data-e-type=\"section\">\n\t\t\t\t\t\t<div class=\"elementor-container elementor-column-gap-default\">\n\t\t\t\t\t<div class=\"elementor-column elementor-col-100 elementor-top-column elementor-element elementor-element-48ca737\" data-id=\"48ca737\" data-element_type=\"column\" data-e-type=\"column\">\n\t\t\t<div class=\"elementor-widget-wrap elementor-element-populated\">\n\t\t\t\t\t\t<div class=\"elementor-element elementor-element-380edde elementor-widget elementor-widget-shortcode\" data-id=\"380edde\" data-element_type=\"widget\" data-e-type=\"widget\" data-widget_type=\"shortcode.default\">\n\t\t\t\t<div class=\"elementor-widget-container\">\n\t\t\t\t\t\t\t<div class=\"elementor-shortcode\">\t\t<div data-elementor-type=\"section\" data-elementor-id=\"3612\" class=\"elementor elementor-3612\" data-elementor-post-type=\"elementor_library\">\n\t\t\t\t\t<section class=\"elementor-section elementor-top-section elementor-element elementor-element-540d106 elementor-section-full_width elementor-section-height-default elementor-section-height-default\" data-id=\"540d106\" data-element_type=\"section\" data-e-type=\"section\" data-settings=\"{&quot;background_background&quot;:&quot;classic&quot;}\">\n\t\t\t\t\t\t\t<div class=\"elementor-background-overlay\"><\/div>\n\t\t\t\t\t\t\t<div class=\"elementor-container elementor-column-gap-default\">\n\t\t\t\t\t<div class=\"elementor-column elementor-col-20 elementor-top-column elementor-element elementor-element-dbab23a\" data-id=\"dbab23a\" data-element_type=\"column\" data-e-type=\"column\">\n\t\t\t<div class=\"elementor-widget-wrap\">\n\t\t\t\t\t\t\t<\/div>\n\t\t<\/div>\n\t\t\t\t<div class=\"elementor-column elementor-col-20 elementor-top-column elementor-element elementor-element-f74101f\" data-id=\"f74101f\" data-element_type=\"column\" data-e-type=\"column\">\n\t\t\t<div class=\"elementor-widget-wrap\">\n\t\t\t\t\t\t\t<\/div>\n\t\t<\/div>\n\t\t\t\t<div class=\"elementor-column elementor-col-20 elementor-top-column elementor-element elementor-element-41c5ee1\" data-id=\"41c5ee1\" data-element_type=\"column\" data-e-type=\"column\">\n\t\t\t<div class=\"elementor-widget-wrap elementor-element-populated\">\n\t\t\t\t\t\t<div class=\"elementor-element elementor-element-8c9464c elementor-widget elementor-widget-text-editor\" data-id=\"8c9464c\" data-element_type=\"widget\" data-e-type=\"widget\" data-widget_type=\"text-editor.default\">\n\t\t\t\t<div class=\"elementor-widget-container\">\n\t\t\t\t\t\t\t\t\tASSOCIATION\t\t\t\t\t\t\t\t<\/div>\n\t\t\t\t<\/div>\n\t\t\t\t<div class=\"elementor-element elementor-element-fa73d6f elementor-widget elementor-widget-heading\" data-id=\"fa73d6f\" data-element_type=\"widget\" data-e-type=\"widget\" data-widget_type=\"heading.default\">\n\t\t\t\t<div class=\"elementor-widget-container\">\n\t\t\t\t\t<h2 class=\"elementor-heading-title elementor-size-default\">Spas and health resorts in Baden-W\u00fcrttemberg<\/h2>\t\t\t\t<\/div>\n\t\t\t\t<\/div>\n\t\t\t\t<div class=\"elementor-element elementor-element-e483613 elementor-widget elementor-widget-spacer\" data-id=\"e483613\" data-element_type=\"widget\" data-e-type=\"widget\" data-widget_type=\"spacer.default\">\n\t\t\t\t<div class=\"elementor-widget-container\">\n\t\t\t\t\t\t\t<div class=\"elementor-spacer\">\n\t\t\t<div class=\"elementor-spacer-inner\"><\/div>\n\t\t<\/div>\n\t\t\t\t\t\t<\/div>\n\t\t\t\t<\/div>\n\t\t\t\t<div class=\"elementor-element elementor-element-b946284 elementor-align-center elementor-widget elementor-widget-button\" data-id=\"b946284\" data-element_type=\"widget\" data-e-type=\"widget\" data-widget_type=\"button.default\">\n\t\t\t\t<div class=\"elementor-widget-container\">\n\t\t\t\t\t\t\t\t\t<div class=\"elementor-button-wrapper\">\n\t\t\t\t\t<a class=\"elementor-button elementor-button-link elementor-size-lg\" href=\"https:\/\/naturgesund-bw.de\/en\/spa-towns-and-health-resorts-in-bw\/\">\n\t\t\t\t\t\t<span class=\"elementor-button-content-wrapper\">\n\t\t\t\t\t\t<span class=\"elementor-button-icon\">\n\t\t\t\t<i aria-hidden=\"true\" class=\"fas fa-long-arrow-alt-right\"><\/i>\t\t\t<\/span>\n\t\t\t\t\t\t\t\t\t<span class=\"elementor-button-text\">Find out more<\/span>\n\t\t\t\t\t<\/span>\n\t\t\t\t\t<\/a>\n\t\t\t\t<\/div>\n\t\t\t\t\t\t\t\t<\/div>\n\t\t\t\t<\/div>\n\t\t\t\t\t<\/div>\n\t\t<\/div>\n\t\t\t\t<div class=\"elementor-column elementor-col-20 elementor-top-column elementor-element elementor-element-6069737\" data-id=\"6069737\" data-element_type=\"column\" data-e-type=\"column\">\n\t\t\t<div class=\"elementor-widget-wrap\">\n\t\t\t\t\t\t\t<\/div>\n\t\t<\/div>\n\t\t\t\t<div class=\"elementor-column elementor-col-20 elementor-top-column elementor-element elementor-element-be21725\" data-id=\"be21725\" data-element_type=\"column\" data-e-type=\"column\">\n\t\t\t<div class=\"elementor-widget-wrap\">\n\t\t\t\t\t\t\t<\/div>\n\t\t<\/div>\n\t\t\t\t\t<\/div>\n\t\t<\/section>\n\t\t\t\t<\/div>\n\t\t<\/div>\n\t\t\t\t\t\t<\/div>\n\t\t\t\t<\/div>\n\t\t\t\t\t<\/div>\n\t\t<\/div>\n\t\t\t\t\t<\/div>\n\t\t<\/section>\n\t\t\t\t<\/div>","protected":false},"excerpt":{"rendered":"<p>AUF DEM LAUFENDEN BLEIBEN Zum Newsletter anmelden Melden Sie sich an Die mit * gekennzeichneten Felder sind Pflichtfelder, die wir zur Bearbeitung Ihrer Anfrage gem\u00e4\u00df unseren Datenschutzrichtlinien ben\u00f6tigen. Bitte beachten Sie die Hinweise zum Umgang mit Ihren Daten in unseren Datenschutzrichtlinien.<\/p>","protected":false},"author":1,"featured_media":0,"parent":0,"menu_order":0,"comment_status":"closed","ping_status":"closed","template":"","meta":{"footnotes":""},"class_list":["post-2145","page","type-page","status-publish","hentry"],"yoast_head":"<!-- This site is optimized with the Yoast SEO plugin v27.4 - https:\/\/yoast.com\/product\/yoast-seo-wordpress\/ -->\n<title>Newsletter-Anmeldung - naturgesund translate<\/title>\n<meta name=\"description\" content=\"Der Newsletter der HKM GmbH bietet einmal monatlich Tipps und Inspiration f\u00fcr den n\u00e4chsten Ausflug. Hier anmelden f\u00fcr den Newsletter\" \/>\n<meta name=\"robots\" content=\"index, follow, max-snippet:-1, max-image-preview:large, max-video-preview:-1\" \/>\n<link rel=\"canonical\" href=\"https:\/\/naturgesund-bw.de\/en\/newsletter-signup\/\" \/>\n<meta property=\"og:locale\" content=\"en_US\" \/>\n<meta property=\"og:type\" content=\"article\" \/>\n<meta property=\"og:title\" content=\"Newsletter-Anmeldung - naturgesund translate\" \/>\n<meta property=\"og:description\" content=\"Der Newsletter der HKM GmbH bietet einmal monatlich Tipps und Inspiration f\u00fcr den n\u00e4chsten Ausflug. Hier anmelden f\u00fcr den Newsletter\" \/>\n<meta property=\"og:url\" content=\"https:\/\/naturgesund-bw.de\/en\/newsletter-signup\/\" \/>\n<meta property=\"og:site_name\" content=\"naturgesund translate\" \/>\n<meta property=\"article:publisher\" content=\"https:\/\/www.facebook.com\/naturerholt\/\" \/>\n<meta property=\"article:modified_time\" content=\"2024-04-10T14:39:38+00:00\" \/>\n<meta name=\"twitter:card\" content=\"summary_large_image\" \/>\n<meta name=\"twitter:label1\" content=\"Est. reading time\" \/>\n\t<meta name=\"twitter:data1\" content=\"1 minute\" \/>\n<script type=\"application\/ld+json\" class=\"yoast-schema-graph\">{\"@context\":\"https:\\\/\\\/schema.org\",\"@graph\":[{\"@type\":\"WebPage\",\"@id\":\"https:\\\/\\\/naturgesund-bw.de\\\/newsletter-anmeldung\\\/\",\"url\":\"https:\\\/\\\/naturgesund-bw.de\\\/newsletter-anmeldung\\\/\",\"name\":\"Newsletter-Anmeldung - naturgesund translate\",\"isPartOf\":{\"@id\":\"https:\\\/\\\/naturgesund-bw.de\\\/#website\"},\"datePublished\":\"2023-10-24T10:46:06+00:00\",\"dateModified\":\"2024-04-10T14:39:38+00:00\",\"description\":\"Der Newsletter der HKM GmbH bietet einmal monatlich Tipps und Inspiration f\u00fcr den n\u00e4chsten Ausflug. Hier anmelden f\u00fcr den Newsletter\",\"breadcrumb\":{\"@id\":\"https:\\\/\\\/naturgesund-bw.de\\\/newsletter-anmeldung\\\/#breadcrumb\"},\"inLanguage\":\"en-US\",\"potentialAction\":[{\"@type\":\"ReadAction\",\"target\":[\"https:\\\/\\\/naturgesund-bw.de\\\/newsletter-anmeldung\\\/\"]}]},{\"@type\":\"BreadcrumbList\",\"@id\":\"https:\\\/\\\/naturgesund-bw.de\\\/newsletter-anmeldung\\\/#breadcrumb\",\"itemListElement\":[{\"@type\":\"ListItem\",\"position\":1,\"name\":\"Startseite\",\"item\":\"https:\\\/\\\/naturgesund-bw.de\\\/\"},{\"@type\":\"ListItem\",\"position\":2,\"name\":\"Newsletter-Anmeldung\"}]},{\"@type\":\"WebSite\",\"@id\":\"https:\\\/\\\/naturgesund-bw.de\\\/#website\",\"url\":\"https:\\\/\\\/naturgesund-bw.de\\\/\",\"name\":\"HKM Heilb\u00e4der und Kurorte Marketing GmbH Baden-W\u00fcrttemberg\",\"description\":\"\",\"publisher\":{\"@id\":\"https:\\\/\\\/naturgesund-bw.de\\\/#organization\"},\"potentialAction\":[{\"@type\":\"SearchAction\",\"target\":{\"@type\":\"EntryPoint\",\"urlTemplate\":\"https:\\\/\\\/naturgesund-bw.de\\\/?s={search_term_string}\"},\"query-input\":{\"@type\":\"PropertyValueSpecification\",\"valueRequired\":true,\"valueName\":\"search_term_string\"}}],\"inLanguage\":\"en-US\"},{\"@type\":\"Organization\",\"@id\":\"https:\\\/\\\/naturgesund-bw.de\\\/#organization\",\"name\":\"HKM Heilb\u00e4der und Kurorte Marketing GmbH Baden-W\u00fcrttemberg\",\"url\":\"https:\\\/\\\/naturgesund-bw.de\\\/\",\"logo\":{\"@type\":\"ImageObject\",\"inLanguage\":\"en-US\",\"@id\":\"https:\\\/\\\/naturgesund-bw.de\\\/#\\\/schema\\\/logo\\\/image\\\/\",\"url\":\"https:\\\/\\\/naturgesund-bw.de\\\/wp-content\\\/uploads\\\/2023\\\/10\\\/HKM-Logo.png\",\"contentUrl\":\"https:\\\/\\\/naturgesund-bw.de\\\/wp-content\\\/uploads\\\/2023\\\/10\\\/HKM-Logo.png\",\"width\":559,\"height\":89,\"caption\":\"HKM Heilb\u00e4der und Kurorte Marketing GmbH Baden-W\u00fcrttemberg\"},\"image\":{\"@id\":\"https:\\\/\\\/naturgesund-bw.de\\\/#\\\/schema\\\/logo\\\/image\\\/\"},\"sameAs\":[\"https:\\\/\\\/www.facebook.com\\\/naturerholt\\\/\",\"https:\\\/\\\/www.instagram.com\\\/natur.erholt\\\/\",\"https:\\\/\\\/www.tiktok.com\\\/@natur.erholt\"]}]}<\/script>\n<!-- \/ Yoast SEO plugin. -->","yoast_head_json":{"title":"Newsletter registration","description":"The HKM GmbH newsletter offers tips and inspiration for your next trip once a month. Register here for the newsletter","robots":{"index":"index","follow":"follow","max-snippet":"max-snippet:-1","max-image-preview":"max-image-preview:large","max-video-preview":"max-video-preview:-1"},"canonical":"https:\/\/naturgesund-bw.de\/en\/newsletter-signup\/","og_locale":"en_US","og_type":"article","og_title":"Newsletter-Anmeldung - naturgesund translate","og_description":"Der Newsletter der HKM GmbH bietet einmal monatlich Tipps und Inspiration f\u00fcr den n\u00e4chsten Ausflug. Hier anmelden f\u00fcr den Newsletter","og_url":"https:\/\/naturgesund-bw.de\/en\/newsletter-signup\/","og_site_name":"naturgesund translate","article_publisher":"https:\/\/www.facebook.com\/naturerholt\/","article_modified_time":"2024-04-10T14:39:38+00:00","twitter_card":"summary_large_image","twitter_misc":{"Est. reading time":"1 minute"},"schema":{"@context":"https:\/\/schema.org","@graph":[{"@type":"WebPage","@id":"https:\/\/naturgesund-bw.de\/newsletter-anmeldung\/","url":"https:\/\/naturgesund-bw.de\/newsletter-anmeldung\/","name":"Newsletter registration","isPartOf":{"@id":"https:\/\/naturgesund-bw.de\/#website"},"datePublished":"2023-10-24T10:46:06+00:00","dateModified":"2024-04-10T14:39:38+00:00","description":"The HKM GmbH newsletter offers tips and inspiration for your next trip once a month. Register here for the newsletter","breadcrumb":{"@id":"https:\/\/naturgesund-bw.de\/newsletter-anmeldung\/#breadcrumb"},"inLanguage":"en-US","potentialAction":[{"@type":"ReadAction","target":["https:\/\/naturgesund-bw.de\/newsletter-anmeldung\/"]}]},{"@type":"BreadcrumbList","@id":"https:\/\/naturgesund-bw.de\/newsletter-anmeldung\/#breadcrumb","itemListElement":[{"@type":"ListItem","position":1,"name":"Startseite","item":"https:\/\/naturgesund-bw.de\/"},{"@type":"ListItem","position":2,"name":"Newsletter-Anmeldung"}]},{"@type":"WebSite","@id":"https:\/\/naturgesund-bw.de\/#website","url":"https:\/\/naturgesund-bw.de\/","name":"HKM Health Resorts and Spa Towns Marketing GmbH Baden-W\u00fcrttemberg","description":"","publisher":{"@id":"https:\/\/naturgesund-bw.de\/#organization"},"potentialAction":[{"@type":"SearchAction","target":{"@type":"EntryPoint","urlTemplate":"https:\/\/naturgesund-bw.de\/?s={search_term_string}"},"query-input":{"@type":"PropertyValueSpecification","valueRequired":true,"valueName":"search_term_string"}}],"inLanguage":"en-US"},{"@type":"Organization","@id":"https:\/\/naturgesund-bw.de\/#organization","name":"HKM Health Resorts and Spa Towns Marketing GmbH Baden-W\u00fcrttemberg","url":"https:\/\/naturgesund-bw.de\/","logo":{"@type":"ImageObject","inLanguage":"en-US","@id":"https:\/\/naturgesund-bw.de\/#\/schema\/logo\/image\/","url":"https:\/\/naturgesund-bw.de\/wp-content\/uploads\/2023\/10\/HKM-Logo.png","contentUrl":"https:\/\/naturgesund-bw.de\/wp-content\/uploads\/2023\/10\/HKM-Logo.png","width":559,"height":89,"caption":"HKM Heilb\u00e4der und Kurorte Marketing GmbH Baden-W\u00fcrttemberg"},"image":{"@id":"https:\/\/naturgesund-bw.de\/#\/schema\/logo\/image\/"},"sameAs":["https:\/\/www.facebook.com\/naturerholt\/","https:\/\/www.instagram.com\/natur.erholt\/","https:\/\/www.tiktok.com\/@natur.erholt"]}]}},"_links":{"self":[{"href":"https:\/\/naturgesund-bw.de\/en\/wp-json\/wp\/v2\/pages\/2145","targetHints":{"allow":["GET"]}}],"collection":[{"href":"https:\/\/naturgesund-bw.de\/en\/wp-json\/wp\/v2\/pages"}],"about":[{"href":"https:\/\/naturgesund-bw.de\/en\/wp-json\/wp\/v2\/types\/page"}],"author":[{"embeddable":true,"href":"https:\/\/naturgesund-bw.de\/en\/wp-json\/wp\/v2\/users\/1"}],"replies":[{"embeddable":true,"href":"https:\/\/naturgesund-bw.de\/en\/wp-json\/wp\/v2\/comments?post=2145"}],"version-history":[{"count":3,"href":"https:\/\/naturgesund-bw.de\/en\/wp-json\/wp\/v2\/pages\/2145\/revisions"}],"predecessor-version":[{"id":7596,"href":"https:\/\/naturgesund-bw.de\/en\/wp-json\/wp\/v2\/pages\/2145\/revisions\/7596"}],"wp:attachment":[{"href":"https:\/\/naturgesund-bw.de\/en\/wp-json\/wp\/v2\/media?parent=2145"}],"curies":[{"name":"wp","href":"https:\/\/api.w.org\/{rel}","templated":true}]}}