{"id":3082,"date":"2023-10-27T10:03:54","date_gmt":"2023-10-27T10:03:54","guid":{"rendered":"https:\/\/naturgesund-bw.de\/?page_id=3082"},"modified":"2024-04-10T14:48:03","modified_gmt":"2024-04-10T14:48:03","slug":"impressum","status":"publish","type":"page","link":"https:\/\/naturgesund-bw.de\/fr\/impressum\/","title":{"rendered":"Mentions l\u00e9gales"},"content":{"rendered":"<div data-elementor-type=\"wp-page\" data-elementor-id=\"3082\" class=\"elementor elementor-3082\" data-elementor-post-type=\"page\">\n\t\t\t\t\t\t<section class=\"elementor-section elementor-top-section elementor-element elementor-element-bbb4162 elementor-section-full_width elementor-section-height-min-height elementor-section-height-default elementor-section-items-middle\" data-id=\"bbb4162\" data-element_type=\"section\" data-e-type=\"section\" data-settings=\"{&quot;background_background&quot;:&quot;classic&quot;}\">\n\t\t\t\t\t\t<div class=\"elementor-container elementor-column-gap-default\">\n\t\t\t\t\t<div class=\"elementor-column elementor-col-20 elementor-top-column elementor-element elementor-element-129e19e\" data-id=\"129e19e\" data-element_type=\"column\" data-e-type=\"column\">\n\t\t\t<div class=\"elementor-widget-wrap\">\n\t\t\t\t\t\t\t<\/div>\n\t\t<\/div>\n\t\t\t\t<div class=\"elementor-column elementor-col-20 elementor-top-column elementor-element elementor-element-c0da852\" data-id=\"c0da852\" data-element_type=\"column\" data-e-type=\"column\">\n\t\t\t<div class=\"elementor-widget-wrap\">\n\t\t\t\t\t\t\t<\/div>\n\t\t<\/div>\n\t\t\t\t<div class=\"elementor-column elementor-col-20 elementor-top-column elementor-element elementor-element-9ac0848\" data-id=\"9ac0848\" data-element_type=\"column\" data-e-type=\"column\">\n\t\t\t<div class=\"elementor-widget-wrap elementor-element-populated\">\n\t\t\t\t\t\t<div class=\"elementor-element elementor-element-1c81d57 elementor-widget elementor-widget-heading\" data-id=\"1c81d57\" data-element_type=\"widget\" data-e-type=\"widget\" data-widget_type=\"heading.default\">\n\t\t\t\t<div class=\"elementor-widget-container\">\n\t\t\t\t\t<h1 class=\"elementor-heading-title elementor-size-default\">Mentions l\u00e9gales<\/h1>\t\t\t\t<\/div>\n\t\t\t\t<\/div>\n\t\t\t\t\t<\/div>\n\t\t<\/div>\n\t\t\t\t<div class=\"elementor-column elementor-col-20 elementor-top-column elementor-element elementor-element-749f017\" data-id=\"749f017\" data-element_type=\"column\" data-e-type=\"column\">\n\t\t\t<div class=\"elementor-widget-wrap\">\n\t\t\t\t\t\t\t<\/div>\n\t\t<\/div>\n\t\t\t\t<div class=\"elementor-column elementor-col-20 elementor-top-column elementor-element elementor-element-b7e8856\" data-id=\"b7e8856\" data-element_type=\"column\" data-e-type=\"column\">\n\t\t\t<div class=\"elementor-widget-wrap\">\n\t\t\t\t\t\t\t<\/div>\n\t\t<\/div>\n\t\t\t\t\t<\/div>\n\t\t<\/section>\n\t\t\t\t<section class=\"elementor-section elementor-top-section elementor-element elementor-element-b2b5495 elementor-section-full_width elementor-section-height-default elementor-section-height-default\" data-id=\"b2b5495\" data-element_type=\"section\" data-e-type=\"section\">\n\t\t\t\t\t\t<div class=\"elementor-container elementor-column-gap-default\">\n\t\t\t\t\t<div class=\"elementor-column elementor-col-20 elementor-top-column elementor-element elementor-element-8f19af3 elementor-hidden-mobile\" data-id=\"8f19af3\" data-element_type=\"column\" data-e-type=\"column\">\n\t\t\t<div class=\"elementor-widget-wrap\">\n\t\t\t\t\t\t\t<\/div>\n\t\t<\/div>\n\t\t\t\t<div class=\"elementor-column elementor-col-20 elementor-top-column elementor-element elementor-element-a4fcfe8\" data-id=\"a4fcfe8\" data-element_type=\"column\" data-e-type=\"column\">\n\t\t\t<div class=\"elementor-widget-wrap\">\n\t\t\t\t\t\t\t<\/div>\n\t\t<\/div>\n\t\t\t\t<div class=\"elementor-column elementor-col-20 elementor-top-column elementor-element elementor-element-02d66b1\" data-id=\"02d66b1\" data-element_type=\"column\" data-e-type=\"column\">\n\t\t\t<div class=\"elementor-widget-wrap elementor-element-populated\">\n\t\t\t\t\t\t<div class=\"elementor-element elementor-element-41309be elementor-widget elementor-widget-heading\" data-id=\"41309be\" data-element_type=\"widget\" data-e-type=\"widget\" data-widget_type=\"heading.default\">\n\t\t\t\t<div class=\"elementor-widget-container\">\n\t\t\t\t\t<p class=\"elementor-heading-title elementor-size-default\">Responsable du contenu :<\/p>\t\t\t\t<\/div>\n\t\t\t\t<\/div>\n\t\t\t\t<div class=\"elementor-element elementor-element-bd87e49 elementor-widget elementor-widget-text-editor\" data-id=\"bd87e49\" data-element_type=\"widget\" data-e-type=\"widget\" data-widget_type=\"text-editor.default\">\n\t\t\t\t<div class=\"elementor-widget-container\">\n\t\t\t\t\t\t\t\t\t<p>HKM Heilb\u00e4der und Kurorte Marketing GmbH Baden-W\u00fcrttemberg<br \/>Esslinger Stra\u00dfe 8<br \/>D-70182 Stuttgart<\/p><p>T\u00e9l\u00e9phone 0711 \/ 2184576<br \/>T\u00e9l\u00e9copieur 0711\/ 89248020<br \/>info@heilbaeder-bw.de<\/p><p><strong>Directeur g\u00e9n\u00e9ral<\/strong> Arne Mellert <br \/><strong>Repr\u00e9sentant l\u00e9gal de l'association des stations thermales du Bade-Wurtemberg :<\/strong> Pr\u00e4sident Fritz Link<\/p>\t\t\t\t\t\t\t\t<\/div>\n\t\t\t\t<\/div>\n\t\t\t\t\t<\/div>\n\t\t<\/div>\n\t\t\t\t<div class=\"elementor-column elementor-col-20 elementor-top-column elementor-element elementor-element-b41c1dd\" data-id=\"b41c1dd\" data-element_type=\"column\" data-e-type=\"column\">\n\t\t\t<div class=\"elementor-widget-wrap\">\n\t\t\t\t\t\t\t<\/div>\n\t\t<\/div>\n\t\t\t\t<div class=\"elementor-column elementor-col-20 elementor-top-column elementor-element elementor-element-99ed739\" data-id=\"99ed739\" data-element_type=\"column\" data-e-type=\"column\">\n\t\t\t<div class=\"elementor-widget-wrap\">\n\t\t\t\t\t\t\t<\/div>\n\t\t<\/div>\n\t\t\t\t\t<\/div>\n\t\t<\/section>\n\t\t\t\t<section class=\"elementor-section elementor-top-section elementor-element elementor-element-7dcca72 elementor-section-full_width elementor-section-height-default elementor-section-height-default\" data-id=\"7dcca72\" data-element_type=\"section\" data-e-type=\"section\">\n\t\t\t\t\t\t<div class=\"elementor-container elementor-column-gap-default\">\n\t\t\t\t\t<div class=\"elementor-column elementor-col-20 elementor-top-column elementor-element elementor-element-7fe9db9 elementor-hidden-mobile\" data-id=\"7fe9db9\" data-element_type=\"column\" data-e-type=\"column\">\n\t\t\t<div class=\"elementor-widget-wrap\">\n\t\t\t\t\t\t\t<\/div>\n\t\t<\/div>\n\t\t\t\t<div class=\"elementor-column elementor-col-20 elementor-top-column elementor-element elementor-element-96a9265\" data-id=\"96a9265\" data-element_type=\"column\" data-e-type=\"column\">\n\t\t\t<div class=\"elementor-widget-wrap\">\n\t\t\t\t\t\t\t<\/div>\n\t\t<\/div>\n\t\t\t\t<div class=\"elementor-column elementor-col-20 elementor-top-column elementor-element elementor-element-d8f3d49\" data-id=\"d8f3d49\" data-element_type=\"column\" data-e-type=\"column\">\n\t\t\t<div class=\"elementor-widget-wrap elementor-element-populated\">\n\t\t\t\t\t\t<div class=\"elementor-element elementor-element-196c8f1 elementor-widget elementor-widget-heading\" data-id=\"196c8f1\" data-element_type=\"widget\" data-e-type=\"widget\" data-widget_type=\"heading.default\">\n\t\t\t\t<div class=\"elementor-widget-container\">\n\t\t\t\t\t<p class=\"elementor-heading-title elementor-size-default\">Id\u00e9es d'images et photographie :<\/p>\t\t\t\t<\/div>\n\t\t\t\t<\/div>\n\t\t\t\t<div class=\"elementor-element elementor-element-8a149c7 elementor-widget elementor-widget-text-editor\" data-id=\"8a149c7\" data-element_type=\"widget\" data-e-type=\"widget\" data-widget_type=\"text-editor.default\">\n\t\t\t\t<div class=\"elementor-widget-container\">\n\t\t\t\t\t\t\t\t\t<p>Lichtpunkt &#8211; Fotografie<br \/>Michael Ruder<br \/>Ludwigstr. 57<br \/>D &#8211; 70176 Stuttgart <br \/>+49 (711) 66489267<\/p><p>Autres photographies : Oliver Raatz<br \/>ainsi que des images issues des archives photographiques de l'association des stations thermales du Bade-Wurtemberg e. V. et des stations thermales et lieux de cure du Bade-Wurtemberg.<\/p><p>Diverses photos de Pixabay, Unsplash, AdobeStock et istock sont utilis\u00e9es sur ce site.<\/p>\t\t\t\t\t\t\t\t<\/div>\n\t\t\t\t<\/div>\n\t\t\t\t\t<\/div>\n\t\t<\/div>\n\t\t\t\t<div class=\"elementor-column elementor-col-20 elementor-top-column elementor-element elementor-element-c191dae\" data-id=\"c191dae\" data-element_type=\"column\" data-e-type=\"column\">\n\t\t\t<div class=\"elementor-widget-wrap\">\n\t\t\t\t\t\t\t<\/div>\n\t\t<\/div>\n\t\t\t\t<div class=\"elementor-column elementor-col-20 elementor-top-column elementor-element elementor-element-598522b\" data-id=\"598522b\" data-element_type=\"column\" data-e-type=\"column\">\n\t\t\t<div class=\"elementor-widget-wrap\">\n\t\t\t\t\t\t\t<\/div>\n\t\t<\/div>\n\t\t\t\t\t<\/div>\n\t\t<\/section>\n\t\t\t\t<section class=\"elementor-section elementor-top-section elementor-element elementor-element-ff377bc elementor-section-full_width elementor-section-height-default elementor-section-height-default\" data-id=\"ff377bc\" data-element_type=\"section\" data-e-type=\"section\">\n\t\t\t\t\t\t<div class=\"elementor-container elementor-column-gap-default\">\n\t\t\t\t\t<div class=\"elementor-column elementor-col-100 elementor-top-column elementor-element elementor-element-d4e2857\" data-id=\"d4e2857\" data-element_type=\"column\" data-e-type=\"column\">\n\t\t\t<div class=\"elementor-widget-wrap elementor-element-populated\">\n\t\t\t\t\t\t<div class=\"elementor-element elementor-element-e833627 elementor-widget elementor-widget-shortcode\" data-id=\"e833627\" data-element_type=\"widget\" data-e-type=\"widget\" data-widget_type=\"shortcode.default\">\n\t\t\t\t<div class=\"elementor-widget-container\">\n\t\t\t\t\t\t\t<div class=\"elementor-shortcode\">\t\t<div data-elementor-type=\"section\" data-elementor-id=\"3612\" class=\"elementor elementor-3612\" data-elementor-post-type=\"elementor_library\">\n\t\t\t\t\t<section class=\"elementor-section elementor-top-section elementor-element elementor-element-540d106 elementor-section-full_width elementor-section-height-default elementor-section-height-default\" data-id=\"540d106\" data-element_type=\"section\" data-e-type=\"section\" data-settings=\"{&quot;background_background&quot;:&quot;classic&quot;}\">\n\t\t\t\t\t\t\t<div class=\"elementor-background-overlay\"><\/div>\n\t\t\t\t\t\t\t<div class=\"elementor-container elementor-column-gap-default\">\n\t\t\t\t\t<div class=\"elementor-column elementor-col-20 elementor-top-column elementor-element elementor-element-dbab23a\" data-id=\"dbab23a\" data-element_type=\"column\" data-e-type=\"column\">\n\t\t\t<div class=\"elementor-widget-wrap\">\n\t\t\t\t\t\t\t<\/div>\n\t\t<\/div>\n\t\t\t\t<div class=\"elementor-column elementor-col-20 elementor-top-column elementor-element elementor-element-f74101f\" data-id=\"f74101f\" data-element_type=\"column\" data-e-type=\"column\">\n\t\t\t<div class=\"elementor-widget-wrap\">\n\t\t\t\t\t\t\t<\/div>\n\t\t<\/div>\n\t\t\t\t<div class=\"elementor-column elementor-col-20 elementor-top-column elementor-element elementor-element-41c5ee1\" data-id=\"41c5ee1\" data-element_type=\"column\" data-e-type=\"column\">\n\t\t\t<div class=\"elementor-widget-wrap elementor-element-populated\">\n\t\t\t\t\t\t<div class=\"elementor-element elementor-element-8c9464c elementor-widget elementor-widget-text-editor\" data-id=\"8c9464c\" data-element_type=\"widget\" data-e-type=\"widget\" data-widget_type=\"text-editor.default\">\n\t\t\t\t<div class=\"elementor-widget-container\">\n\t\t\t\t\t\t\t\t\tF\u00c9D\u00c9RATION\t\t\t\t\t\t\t\t<\/div>\n\t\t\t\t<\/div>\n\t\t\t\t<div class=\"elementor-element elementor-element-fa73d6f elementor-widget elementor-widget-heading\" data-id=\"fa73d6f\" data-element_type=\"widget\" data-e-type=\"widget\" data-widget_type=\"heading.default\">\n\t\t\t\t<div class=\"elementor-widget-container\">\n\t\t\t\t\t<h2 class=\"elementor-heading-title elementor-size-default\">Stations thermales et stations de cure dans le Bade-Wurtemberg<\/h2>\t\t\t\t<\/div>\n\t\t\t\t<\/div>\n\t\t\t\t<div class=\"elementor-element elementor-element-e483613 elementor-widget elementor-widget-spacer\" data-id=\"e483613\" data-element_type=\"widget\" data-e-type=\"widget\" data-widget_type=\"spacer.default\">\n\t\t\t\t<div class=\"elementor-widget-container\">\n\t\t\t\t\t\t\t<div class=\"elementor-spacer\">\n\t\t\t<div class=\"elementor-spacer-inner\"><\/div>\n\t\t<\/div>\n\t\t\t\t\t\t<\/div>\n\t\t\t\t<\/div>\n\t\t\t\t<div class=\"elementor-element elementor-element-b946284 elementor-align-center elementor-widget elementor-widget-button\" data-id=\"b946284\" data-element_type=\"widget\" data-e-type=\"widget\" data-widget_type=\"button.default\">\n\t\t\t\t<div class=\"elementor-widget-container\">\n\t\t\t\t\t\t\t\t\t<div class=\"elementor-button-wrapper\">\n\t\t\t\t\t<a class=\"elementor-button elementor-button-link elementor-size-lg\" href=\"https:\/\/naturgesund-bw.de\/fr\/heilbaeder-und-kurorte-in-bw\/\">\n\t\t\t\t\t\t<span class=\"elementor-button-content-wrapper\">\n\t\t\t\t\t\t<span class=\"elementor-button-icon\">\n\t\t\t\t<i aria-hidden=\"true\" class=\"fas fa-long-arrow-alt-right\"><\/i>\t\t\t<\/span>\n\t\t\t\t\t\t\t\t\t<span class=\"elementor-button-text\">En savoir plus<\/span>\n\t\t\t\t\t<\/span>\n\t\t\t\t\t<\/a>\n\t\t\t\t<\/div>\n\t\t\t\t\t\t\t\t<\/div>\n\t\t\t\t<\/div>\n\t\t\t\t\t<\/div>\n\t\t<\/div>\n\t\t\t\t<div class=\"elementor-column elementor-col-20 elementor-top-column elementor-element elementor-element-6069737\" data-id=\"6069737\" data-element_type=\"column\" data-e-type=\"column\">\n\t\t\t<div class=\"elementor-widget-wrap\">\n\t\t\t\t\t\t\t<\/div>\n\t\t<\/div>\n\t\t\t\t<div class=\"elementor-column elementor-col-20 elementor-top-column elementor-element elementor-element-be21725\" data-id=\"be21725\" data-element_type=\"column\" data-e-type=\"column\">\n\t\t\t<div class=\"elementor-widget-wrap\">\n\t\t\t\t\t\t\t<\/div>\n\t\t<\/div>\n\t\t\t\t\t<\/div>\n\t\t<\/section>\n\t\t\t\t<\/div>\n\t\t<\/div>\n\t\t\t\t\t\t<\/div>\n\t\t\t\t<\/div>\n\t\t\t\t\t<\/div>\n\t\t<\/div>\n\t\t\t\t\t<\/div>\n\t\t<\/section>\n\t\t\t\t<\/div>","protected":false},"excerpt":{"rendered":"<p>Impressum Verantwortlich f\u00fcr den Inhalt: HKM Heilb\u00e4der und Kurorte Marketing GmbH Baden-W\u00fcrttembergEsslinger Stra\u00dfe 8D-70182 Stuttgart Telefon 0711 \/ 2184576Fax 0711\/ 89248020info@heilbaeder-bw.de Gesch\u00e4ftsf\u00fchrer: Arne Mellert Vertretungsberechtigt f\u00fcr den Heilb\u00e4derverband Baden-W\u00fcrttemberg e. V.: Pr\u00e4sident Fritz Link Bildideen und Fotografie: Lichtpunkt &#8211; FotografieMichael RuderLudwigstr. 57D &#8211; 70176 Stuttgart +49 (711) 66489267 Weitere Fotografien: Oliver Raatzsowie Bilder aus dem [&hellip;]<\/p>\n","protected":false},"author":1,"featured_media":0,"parent":0,"menu_order":0,"comment_status":"closed","ping_status":"closed","template":"elementor_header_footer","meta":{"footnotes":""},"class_list":["post-3082","page","type-page","status-publish","hentry"],"yoast_head":"<!-- This site is optimized with the Yoast SEO plugin v27.3 - https:\/\/yoast.com\/product\/yoast-seo-wordpress\/ -->\n<title>Impressum - naturgesund translate<\/title>\n<meta name=\"description\" content=\"Impressum der HKM GmbH. Hier finden Sie alle Kontaktdaten sowie Gesch\u00e4ftsf\u00fchrer und Aufsichtsratsvorsitzende der HKM GmbH.\" \/>\n<meta name=\"robots\" content=\"index, follow, max-snippet:-1, max-image-preview:large, max-video-preview:-1\" \/>\n<link rel=\"canonical\" href=\"https:\/\/naturgesund-bw.de\/fr\/impressum\/\" \/>\n<meta property=\"og:locale\" content=\"fr_FR\" \/>\n<meta property=\"og:type\" content=\"article\" \/>\n<meta property=\"og:title\" content=\"Impressum - naturgesund translate\" \/>\n<meta property=\"og:description\" content=\"Impressum der HKM GmbH. Hier finden Sie alle Kontaktdaten sowie Gesch\u00e4ftsf\u00fchrer und Aufsichtsratsvorsitzende der HKM GmbH.\" \/>\n<meta property=\"og:url\" content=\"https:\/\/naturgesund-bw.de\/fr\/impressum\/\" \/>\n<meta property=\"og:site_name\" content=\"naturgesund translate\" \/>\n<meta property=\"article:publisher\" content=\"https:\/\/www.facebook.com\/naturerholt\/\" \/>\n<meta property=\"article:modified_time\" content=\"2024-04-10T14:48:03+00:00\" \/>\n<meta name=\"twitter:card\" content=\"summary_large_image\" \/>\n<meta name=\"twitter:label1\" content=\"Dur\u00e9e de lecture estim\u00e9e\" \/>\n\t<meta name=\"twitter:data1\" content=\"1 minute\" \/>\n<script type=\"application\/ld+json\" class=\"yoast-schema-graph\">{\"@context\":\"https:\\\/\\\/schema.org\",\"@graph\":[{\"@type\":\"WebPage\",\"@id\":\"https:\\\/\\\/naturgesund-bw.de\\\/impressum\\\/\",\"url\":\"https:\\\/\\\/naturgesund-bw.de\\\/impressum\\\/\",\"name\":\"Impressum - naturgesund translate\",\"isPartOf\":{\"@id\":\"https:\\\/\\\/naturgesund-bw.de\\\/#website\"},\"datePublished\":\"2023-10-27T10:03:54+00:00\",\"dateModified\":\"2024-04-10T14:48:03+00:00\",\"description\":\"Impressum der HKM GmbH. Hier finden Sie alle Kontaktdaten sowie Gesch\u00e4ftsf\u00fchrer und Aufsichtsratsvorsitzende der HKM GmbH.\",\"breadcrumb\":{\"@id\":\"https:\\\/\\\/naturgesund-bw.de\\\/impressum\\\/#breadcrumb\"},\"inLanguage\":\"fr-FR\",\"potentialAction\":[{\"@type\":\"ReadAction\",\"target\":[\"https:\\\/\\\/naturgesund-bw.de\\\/impressum\\\/\"]}]},{\"@type\":\"BreadcrumbList\",\"@id\":\"https:\\\/\\\/naturgesund-bw.de\\\/impressum\\\/#breadcrumb\",\"itemListElement\":[{\"@type\":\"ListItem\",\"position\":1,\"name\":\"Startseite\",\"item\":\"https:\\\/\\\/naturgesund-bw.de\\\/\"},{\"@type\":\"ListItem\",\"position\":2,\"name\":\"Impressum\"}]},{\"@type\":\"WebSite\",\"@id\":\"https:\\\/\\\/naturgesund-bw.de\\\/#website\",\"url\":\"https:\\\/\\\/naturgesund-bw.de\\\/\",\"name\":\"HKM Heilb\u00e4der und Kurorte Marketing GmbH Baden-W\u00fcrttemberg\",\"description\":\"\",\"publisher\":{\"@id\":\"https:\\\/\\\/naturgesund-bw.de\\\/#organization\"},\"potentialAction\":[{\"@type\":\"SearchAction\",\"target\":{\"@type\":\"EntryPoint\",\"urlTemplate\":\"https:\\\/\\\/naturgesund-bw.de\\\/?s={search_term_string}\"},\"query-input\":{\"@type\":\"PropertyValueSpecification\",\"valueRequired\":true,\"valueName\":\"search_term_string\"}}],\"inLanguage\":\"fr-FR\"},{\"@type\":\"Organization\",\"@id\":\"https:\\\/\\\/naturgesund-bw.de\\\/#organization\",\"name\":\"HKM Heilb\u00e4der und Kurorte Marketing GmbH Baden-W\u00fcrttemberg\",\"url\":\"https:\\\/\\\/naturgesund-bw.de\\\/\",\"logo\":{\"@type\":\"ImageObject\",\"inLanguage\":\"fr-FR\",\"@id\":\"https:\\\/\\\/naturgesund-bw.de\\\/#\\\/schema\\\/logo\\\/image\\\/\",\"url\":\"https:\\\/\\\/naturgesund-bw.de\\\/wp-content\\\/uploads\\\/2023\\\/10\\\/HKM-Logo.png\",\"contentUrl\":\"https:\\\/\\\/naturgesund-bw.de\\\/wp-content\\\/uploads\\\/2023\\\/10\\\/HKM-Logo.png\",\"width\":559,\"height\":89,\"caption\":\"HKM Heilb\u00e4der und Kurorte Marketing GmbH Baden-W\u00fcrttemberg\"},\"image\":{\"@id\":\"https:\\\/\\\/naturgesund-bw.de\\\/#\\\/schema\\\/logo\\\/image\\\/\"},\"sameAs\":[\"https:\\\/\\\/www.facebook.com\\\/naturerholt\\\/\",\"https:\\\/\\\/www.instagram.com\\\/natur.erholt\\\/\",\"https:\\\/\\\/www.tiktok.com\\\/@natur.erholt\"]}]}<\/script>\n<!-- \/ Yoast SEO plugin. -->","yoast_head_json":{"title":"Mentions l\u00e9gales","description":"Mentions l\u00e9gales de HKM GmbH. Vous trouverez ici toutes les coordonn\u00e9es ainsi que les directeurs et les pr\u00e9sidents du conseil de surveillance de HKM GmbH.","robots":{"index":"index","follow":"follow","max-snippet":"max-snippet:-1","max-image-preview":"max-image-preview:large","max-video-preview":"max-video-preview:-1"},"canonical":"https:\/\/naturgesund-bw.de\/fr\/impressum\/","og_locale":"fr_FR","og_type":"article","og_title":"Impressum - naturgesund translate","og_description":"Impressum der HKM GmbH. Hier finden Sie alle Kontaktdaten sowie Gesch\u00e4ftsf\u00fchrer und Aufsichtsratsvorsitzende der HKM GmbH.","og_url":"https:\/\/naturgesund-bw.de\/fr\/impressum\/","og_site_name":"naturgesund translate","article_publisher":"https:\/\/www.facebook.com\/naturerholt\/","article_modified_time":"2024-04-10T14:48:03+00:00","twitter_card":"summary_large_image","twitter_misc":{"Dur\u00e9e de lecture estim\u00e9e":"1 minute"},"schema":{"@context":"https:\/\/schema.org","@graph":[{"@type":"WebPage","@id":"https:\/\/naturgesund-bw.de\/impressum\/","url":"https:\/\/naturgesund-bw.de\/impressum\/","name":"Mentions l\u00e9gales","isPartOf":{"@id":"https:\/\/naturgesund-bw.de\/#website"},"datePublished":"2023-10-27T10:03:54+00:00","dateModified":"2024-04-10T14:48:03+00:00","description":"Mentions l\u00e9gales de HKM GmbH. Vous trouverez ici toutes les coordonn\u00e9es ainsi que les directeurs et les pr\u00e9sidents du conseil de surveillance de HKM GmbH.","breadcrumb":{"@id":"https:\/\/naturgesund-bw.de\/impressum\/#breadcrumb"},"inLanguage":"fr-FR","potentialAction":[{"@type":"ReadAction","target":["https:\/\/naturgesund-bw.de\/impressum\/"]}]},{"@type":"BreadcrumbList","@id":"https:\/\/naturgesund-bw.de\/impressum\/#breadcrumb","itemListElement":[{"@type":"ListItem","position":1,"name":"Startseite","item":"https:\/\/naturgesund-bw.de\/"},{"@type":"ListItem","position":2,"name":"Impressum"}]},{"@type":"WebSite","@id":"https:\/\/naturgesund-bw.de\/#website","url":"https:\/\/naturgesund-bw.de\/","name":"HKM Heilb\u00e4der und Kurorte Marketing GmbH Baden-W\u00fcrttemberg","description":"","publisher":{"@id":"https:\/\/naturgesund-bw.de\/#organization"},"potentialAction":[{"@type":"SearchAction","target":{"@type":"EntryPoint","urlTemplate":"https:\/\/naturgesund-bw.de\/?s={search_term_string}"},"query-input":{"@type":"PropertyValueSpecification","valueRequired":true,"valueName":"search_term_string"}}],"inLanguage":"fr-FR"},{"@type":"Organization","@id":"https:\/\/naturgesund-bw.de\/#organization","name":"HKM Heilb\u00e4der und Kurorte Marketing GmbH Baden-W\u00fcrttemberg","url":"https:\/\/naturgesund-bw.de\/","logo":{"@type":"ImageObject","inLanguage":"fr-FR","@id":"https:\/\/naturgesund-bw.de\/#\/schema\/logo\/image\/","url":"https:\/\/naturgesund-bw.de\/wp-content\/uploads\/2023\/10\/HKM-Logo.png","contentUrl":"https:\/\/naturgesund-bw.de\/wp-content\/uploads\/2023\/10\/HKM-Logo.png","width":559,"height":89,"caption":"HKM Heilb\u00e4der und Kurorte Marketing GmbH Baden-W\u00fcrttemberg"},"image":{"@id":"https:\/\/naturgesund-bw.de\/#\/schema\/logo\/image\/"},"sameAs":["https:\/\/www.facebook.com\/naturerholt\/","https:\/\/www.instagram.com\/natur.erholt\/","https:\/\/www.tiktok.com\/@natur.erholt"]}]}},"_links":{"self":[{"href":"https:\/\/naturgesund-bw.de\/fr\/wp-json\/wp\/v2\/pages\/3082","targetHints":{"allow":["GET"]}}],"collection":[{"href":"https:\/\/naturgesund-bw.de\/fr\/wp-json\/wp\/v2\/pages"}],"about":[{"href":"https:\/\/naturgesund-bw.de\/fr\/wp-json\/wp\/v2\/types\/page"}],"author":[{"embeddable":true,"href":"https:\/\/naturgesund-bw.de\/fr\/wp-json\/wp\/v2\/users\/1"}],"replies":[{"embeddable":true,"href":"https:\/\/naturgesund-bw.de\/fr\/wp-json\/wp\/v2\/comments?post=3082"}],"version-history":[{"count":6,"href":"https:\/\/naturgesund-bw.de\/fr\/wp-json\/wp\/v2\/pages\/3082\/revisions"}],"predecessor-version":[{"id":7653,"href":"https:\/\/naturgesund-bw.de\/fr\/wp-json\/wp\/v2\/pages\/3082\/revisions\/7653"}],"wp:attachment":[{"href":"https:\/\/naturgesund-bw.de\/fr\/wp-json\/wp\/v2\/media?parent=3082"}],"curies":[{"name":"wp","href":"https:\/\/api.w.org\/{rel}","templated":true}]}}