{"id":3790,"date":"2023-11-06T10:45:15","date_gmt":"2023-11-06T10:45:15","guid":{"rendered":"https:\/\/naturgesund-bw.de\/?page_id=3790"},"modified":"2025-09-30T10:59:47","modified_gmt":"2025-09-30T10:59:47","slug":"heilbaeder-und-kurorte","status":"publish","type":"page","link":"https:\/\/naturgesund-bw.de\/fr\/heilbaeder-und-kurorte\/","title":{"rendered":"Stations thermales et stations de cure"},"content":{"rendered":"<div data-elementor-type=\"wp-page\" data-elementor-id=\"3790\" class=\"elementor elementor-3790\" data-elementor-post-type=\"page\">\n\t\t\t\t\t\t<section class=\"elementor-section elementor-top-section elementor-element elementor-element-5f7a1f5 elementor-section-full_width elementor-reverse-mobile_extra elementor-reverse-mobile elementor-section-height-min-height elementor-section-height-default elementor-section-items-middle\" data-id=\"5f7a1f5\" data-element_type=\"section\" data-e-type=\"section\" data-settings=\"{&quot;background_background&quot;:&quot;classic&quot;}\">\n\t\t\t\t\t\t<div class=\"elementor-container elementor-column-gap-default\">\n\t\t\t\t\t<div class=\"elementor-column elementor-col-50 elementor-top-column elementor-element elementor-element-bb61bff\" data-id=\"bb61bff\" data-element_type=\"column\" data-e-type=\"column\" data-settings=\"{&quot;background_background&quot;:&quot;classic&quot;}\">\n\t\t\t<div class=\"elementor-widget-wrap elementor-element-populated\">\n\t\t\t\t\t\t<div class=\"elementor-element elementor-element-43b737b elementor-widget elementor-widget-heading\" data-id=\"43b737b\" data-element_type=\"widget\" data-e-type=\"widget\" data-widget_type=\"heading.default\">\n\t\t\t\t<div class=\"elementor-widget-container\">\n\t\t\t\t\t<h2 class=\"elementor-heading-title elementor-size-default\">LA SANT\u00c9 DE LA NATURE<\/h2>\t\t\t\t<\/div>\n\t\t\t\t<\/div>\n\t\t\t\t<div class=\"elementor-element elementor-element-5b0a5ef elementor-widget elementor-widget-heading\" data-id=\"5b0a5ef\" data-element_type=\"widget\" data-e-type=\"widget\" data-widget_type=\"heading.default\">\n\t\t\t\t<div class=\"elementor-widget-container\">\n\t\t\t\t\t<h1 class=\"elementor-heading-title elementor-size-default\">Stations thermales et stations de cure<\/h1>\t\t\t\t<\/div>\n\t\t\t\t<\/div>\n\t\t\t\t<div class=\"elementor-element elementor-element-41e979c elementor-widget elementor-widget-spacer\" data-id=\"41e979c\" data-element_type=\"widget\" data-e-type=\"widget\" data-widget_type=\"spacer.default\">\n\t\t\t\t<div class=\"elementor-widget-container\">\n\t\t\t\t\t\t\t<div class=\"elementor-spacer\">\n\t\t\t<div class=\"elementor-spacer-inner\"><\/div>\n\t\t<\/div>\n\t\t\t\t\t\t<\/div>\n\t\t\t\t<\/div>\n\t\t\t\t<div class=\"elementor-element elementor-element-61bd9ee elementor-widget elementor-widget-text-editor\" data-id=\"61bd9ee\" data-element_type=\"widget\" data-e-type=\"widget\" data-widget_type=\"text-editor.default\">\n\t\t\t\t<div class=\"elementor-widget-container\">\n\t\t\t\t\t\t\t\t\t<p>In den 54 Heilb\u00e4dern und Kurorten Baden-W\u00fcrttembergs finden Sie ma\u00dfgeschneiderte Programme f\u00fcr die Bed\u00fcrfnisse jeder Altersgruppe. Die Angebote umfassen Vorsorge- und Rehabilitationskuren, Gesundheits- und Wellnessurlaub sowie Erholung, Sport und Freizeitm\u00f6glichkeiten. Entdecken Sie die Vielfalt der Orte.<\/p>\t\t\t\t\t\t\t\t<\/div>\n\t\t\t\t<\/div>\n\t\t\t\t\t<\/div>\n\t\t<\/div>\n\t\t\t\t<div class=\"elementor-column elementor-col-50 elementor-top-column elementor-element elementor-element-45ead4e\" data-id=\"45ead4e\" data-element_type=\"column\" data-e-type=\"column\" data-settings=\"{&quot;background_background&quot;:&quot;classic&quot;}\">\n\t\t\t<div class=\"elementor-widget-wrap elementor-element-populated\">\n\t\t\t\t\t\t<div class=\"elementor-element elementor-element-2d534a8 elementor-widget elementor-widget-spacer\" data-id=\"2d534a8\" data-element_type=\"widget\" data-e-type=\"widget\" data-widget_type=\"spacer.default\">\n\t\t\t\t<div class=\"elementor-widget-container\">\n\t\t\t\t\t\t\t<div class=\"elementor-spacer\">\n\t\t\t<div class=\"elementor-spacer-inner\"><\/div>\n\t\t<\/div>\n\t\t\t\t\t\t<\/div>\n\t\t\t\t<\/div>\n\t\t\t\t<div class=\"elementor-element elementor-element-04f2027 elementor-widget__width-auto elementor-widget elementor-widget-text-editor\" data-id=\"04f2027\" data-element_type=\"widget\" data-e-type=\"widget\" data-widget_type=\"text-editor.default\">\n\t\t\t\t<div class=\"elementor-widget-container\">\n\t\t\t\t\t\t\t\t\t\u00a9 CARASANA B\u00e4derbetriebe GmbH\t\t\t\t\t\t\t\t<\/div>\n\t\t\t\t<\/div>\n\t\t\t\t\t<\/div>\n\t\t<\/div>\n\t\t\t\t\t<\/div>\n\t\t<\/section>\n\t\t\t\t<section class=\"elementor-section elementor-top-section elementor-element elementor-element-086c05a elementor-section-full_width elementor-section-height-default elementor-section-height-default\" data-id=\"086c05a\" data-element_type=\"section\" data-e-type=\"section\">\n\t\t\t\t\t\t<div class=\"elementor-container elementor-column-gap-default\">\n\t\t\t\t\t<div class=\"elementor-column elementor-col-33 elementor-top-column elementor-element elementor-element-562d835\" data-id=\"562d835\" data-element_type=\"column\" data-e-type=\"column\">\n\t\t\t<div class=\"elementor-widget-wrap\">\n\t\t\t\t\t\t\t<\/div>\n\t\t<\/div>\n\t\t\t\t<div class=\"elementor-column elementor-col-33 elementor-top-column elementor-element elementor-element-8d78576\" data-id=\"8d78576\" data-element_type=\"column\" data-e-type=\"column\">\n\t\t\t<div class=\"elementor-widget-wrap elementor-element-populated\">\n\t\t\t\t\t\t<div class=\"elementor-element elementor-element-ed0c1f0 elementor-widget elementor-widget-html\" data-id=\"ed0c1f0\" data-element_type=\"widget\" data-e-type=\"widget\" data-widget_type=\"html.default\">\n\t\t\t\t<div class=\"elementor-widget-container\">\n\t\t\t\t\t<toubiz-widget\nlang=\"de\"\nroute=\"\/article\"\nclass=\"toubiz-widget\"\napi-token=\"$2y$10$8rCUA0f\/0pt04i83ArJwAeYRVTNtsFhT0acFwMZag5Feli7Jd\/58O\"\nbase-uri=\"https:\/\/mein.toubiz.de\"\nserialized-configuration=\"{displayElementTitle: false,displayTipLabels: false,awardId: 'x', headerVariant: 'gallery', displayInactiveVisitorChannelingCards: false,query: {filter: {element:'spa' ,clientIncludingManaged: ''}}}\"\n><\/toubiz-widget>\n\t\t\t\t<\/div>\n\t\t\t\t<\/div>\n\t\t\t\t\t<\/div>\n\t\t<\/div>\n\t\t\t\t<div class=\"elementor-column elementor-col-33 elementor-top-column elementor-element elementor-element-7887230\" data-id=\"7887230\" data-element_type=\"column\" data-e-type=\"column\">\n\t\t\t<div class=\"elementor-widget-wrap\">\n\t\t\t\t\t\t\t<\/div>\n\t\t<\/div>\n\t\t\t\t\t<\/div>\n\t\t<\/section>\n\t\t\t\t<section class=\"elementor-section elementor-top-section elementor-element elementor-element-56aa9e8 elementor-section-full_width elementor-section-height-default elementor-section-height-default\" data-id=\"56aa9e8\" data-element_type=\"section\" data-e-type=\"section\">\n\t\t\t\t\t\t<div class=\"elementor-container elementor-column-gap-default\">\n\t\t\t\t\t<div class=\"elementor-column elementor-col-100 elementor-top-column elementor-element elementor-element-4f73c0d\" data-id=\"4f73c0d\" data-element_type=\"column\" data-e-type=\"column\">\n\t\t\t<div class=\"elementor-widget-wrap elementor-element-populated\">\n\t\t\t\t\t\t<div class=\"elementor-element elementor-element-50e79d1 elementor-widget elementor-widget-shortcode\" data-id=\"50e79d1\" data-element_type=\"widget\" data-e-type=\"widget\" data-widget_type=\"shortcode.default\">\n\t\t\t\t<div class=\"elementor-widget-container\">\n\t\t\t\t\t\t\t<div class=\"elementor-shortcode\">\t\t<div data-elementor-type=\"section\" data-elementor-id=\"3612\" class=\"elementor elementor-3612\" data-elementor-post-type=\"elementor_library\">\n\t\t\t\t\t<section class=\"elementor-section elementor-top-section elementor-element elementor-element-540d106 elementor-section-full_width elementor-section-height-default elementor-section-height-default\" data-id=\"540d106\" data-element_type=\"section\" data-e-type=\"section\" data-settings=\"{&quot;background_background&quot;:&quot;classic&quot;}\">\n\t\t\t\t\t\t\t<div class=\"elementor-background-overlay\"><\/div>\n\t\t\t\t\t\t\t<div class=\"elementor-container elementor-column-gap-default\">\n\t\t\t\t\t<div class=\"elementor-column elementor-col-20 elementor-top-column elementor-element elementor-element-dbab23a\" data-id=\"dbab23a\" data-element_type=\"column\" data-e-type=\"column\">\n\t\t\t<div class=\"elementor-widget-wrap\">\n\t\t\t\t\t\t\t<\/div>\n\t\t<\/div>\n\t\t\t\t<div class=\"elementor-column elementor-col-20 elementor-top-column elementor-element elementor-element-f74101f\" data-id=\"f74101f\" data-element_type=\"column\" data-e-type=\"column\">\n\t\t\t<div class=\"elementor-widget-wrap\">\n\t\t\t\t\t\t\t<\/div>\n\t\t<\/div>\n\t\t\t\t<div class=\"elementor-column elementor-col-20 elementor-top-column elementor-element elementor-element-41c5ee1\" data-id=\"41c5ee1\" data-element_type=\"column\" data-e-type=\"column\">\n\t\t\t<div class=\"elementor-widget-wrap elementor-element-populated\">\n\t\t\t\t\t\t<div class=\"elementor-element elementor-element-8c9464c elementor-widget elementor-widget-text-editor\" data-id=\"8c9464c\" data-element_type=\"widget\" data-e-type=\"widget\" data-widget_type=\"text-editor.default\">\n\t\t\t\t<div class=\"elementor-widget-container\">\n\t\t\t\t\t\t\t\t\tF\u00c9D\u00c9RATION\t\t\t\t\t\t\t\t<\/div>\n\t\t\t\t<\/div>\n\t\t\t\t<div class=\"elementor-element elementor-element-fa73d6f elementor-widget elementor-widget-heading\" data-id=\"fa73d6f\" data-element_type=\"widget\" data-e-type=\"widget\" data-widget_type=\"heading.default\">\n\t\t\t\t<div class=\"elementor-widget-container\">\n\t\t\t\t\t<h2 class=\"elementor-heading-title elementor-size-default\">Stations thermales et stations de cure dans le Bade-Wurtemberg<\/h2>\t\t\t\t<\/div>\n\t\t\t\t<\/div>\n\t\t\t\t<div class=\"elementor-element elementor-element-e483613 elementor-widget elementor-widget-spacer\" data-id=\"e483613\" data-element_type=\"widget\" data-e-type=\"widget\" data-widget_type=\"spacer.default\">\n\t\t\t\t<div class=\"elementor-widget-container\">\n\t\t\t\t\t\t\t<div class=\"elementor-spacer\">\n\t\t\t<div class=\"elementor-spacer-inner\"><\/div>\n\t\t<\/div>\n\t\t\t\t\t\t<\/div>\n\t\t\t\t<\/div>\n\t\t\t\t<div class=\"elementor-element elementor-element-b946284 elementor-align-center elementor-widget elementor-widget-button\" data-id=\"b946284\" data-element_type=\"widget\" data-e-type=\"widget\" data-widget_type=\"button.default\">\n\t\t\t\t<div class=\"elementor-widget-container\">\n\t\t\t\t\t\t\t\t\t<div class=\"elementor-button-wrapper\">\n\t\t\t\t\t<a class=\"elementor-button elementor-button-link elementor-size-lg\" href=\"https:\/\/naturgesund-bw.de\/fr\/heilbaeder-und-kurorte-in-bw\/\">\n\t\t\t\t\t\t<span class=\"elementor-button-content-wrapper\">\n\t\t\t\t\t\t<span class=\"elementor-button-icon\">\n\t\t\t\t<i aria-hidden=\"true\" class=\"fas fa-long-arrow-alt-right\"><\/i>\t\t\t<\/span>\n\t\t\t\t\t\t\t\t\t<span class=\"elementor-button-text\">En savoir plus<\/span>\n\t\t\t\t\t<\/span>\n\t\t\t\t\t<\/a>\n\t\t\t\t<\/div>\n\t\t\t\t\t\t\t\t<\/div>\n\t\t\t\t<\/div>\n\t\t\t\t\t<\/div>\n\t\t<\/div>\n\t\t\t\t<div class=\"elementor-column elementor-col-20 elementor-top-column elementor-element elementor-element-6069737\" data-id=\"6069737\" data-element_type=\"column\" data-e-type=\"column\">\n\t\t\t<div class=\"elementor-widget-wrap\">\n\t\t\t\t\t\t\t<\/div>\n\t\t<\/div>\n\t\t\t\t<div class=\"elementor-column elementor-col-20 elementor-top-column elementor-element elementor-element-be21725\" data-id=\"be21725\" data-element_type=\"column\" data-e-type=\"column\">\n\t\t\t<div class=\"elementor-widget-wrap\">\n\t\t\t\t\t\t\t<\/div>\n\t\t<\/div>\n\t\t\t\t\t<\/div>\n\t\t<\/section>\n\t\t\t\t<\/div>\n\t\t<\/div>\n\t\t\t\t\t\t<\/div>\n\t\t\t\t<\/div>\n\t\t\t\t\t<\/div>\n\t\t<\/div>\n\t\t\t\t\t<\/div>\n\t\t<\/section>\n\t\t\t\t<\/div>","protected":false},"excerpt":{"rendered":"<p>GESUNDHEIT AUS DER NATUR Heilb\u00e4der und Kurorte In den 54 Heilb\u00e4dern und Kurorten Baden-W\u00fcrttembergs finden Sie ma\u00dfgeschneiderte Programme f\u00fcr die Bed\u00fcrfnisse jeder Altersgruppe. Die Angebote umfassen Vorsorge- und Rehabilitationskuren, Gesundheits- und Wellnessurlaub sowie Erholung, Sport und Freizeitm\u00f6glichkeiten. Entdecken Sie die Vielfalt der Orte. \u00a9 CARASANA B\u00e4derbetriebe GmbH<\/p>","protected":false},"author":1,"featured_media":0,"parent":0,"menu_order":0,"comment_status":"closed","ping_status":"closed","template":"elementor_header_footer","meta":{"footnotes":""},"class_list":["post-3790","page","type-page","status-publish","hentry"],"yoast_head":"<!-- This site is optimized with the Yoast SEO plugin v27.3 - https:\/\/yoast.com\/product\/yoast-seo-wordpress\/ -->\n<title>Heilb\u00e4der und Kurorte in Baden-W\u00fcrttemberg<\/title>\n<meta name=\"description\" content=\"Erleben Sie die Vielfalt von 54 Heilb\u00e4dern und Kurorten in Baden-W\u00fcrttemberg \u2013 ma\u00dfgeschneiderte Angebote f\u00fcr alle Altersgruppen erwarten Sie!\" \/>\n<meta name=\"robots\" content=\"index, follow, max-snippet:-1, max-image-preview:large, max-video-preview:-1\" \/>\n<link rel=\"canonical\" href=\"https:\/\/naturgesund-bw.de\/fr\/heilbaeder-und-kurorte\/\" \/>\n<meta property=\"og:locale\" content=\"fr_FR\" \/>\n<meta property=\"og:type\" content=\"article\" \/>\n<meta property=\"og:title\" content=\"Heilb\u00e4der und Kurorte in Baden-W\u00fcrttemberg\" \/>\n<meta property=\"og:description\" content=\"Erleben Sie die Vielfalt von 54 Heilb\u00e4dern und Kurorten in Baden-W\u00fcrttemberg \u2013 ma\u00dfgeschneiderte Angebote f\u00fcr alle Altersgruppen erwarten Sie!\" \/>\n<meta property=\"og:url\" content=\"https:\/\/naturgesund-bw.de\/fr\/heilbaeder-und-kurorte\/\" \/>\n<meta property=\"og:site_name\" content=\"naturgesund translate\" \/>\n<meta property=\"article:publisher\" content=\"https:\/\/www.facebook.com\/naturerholt\/\" \/>\n<meta property=\"article:modified_time\" content=\"2025-09-30T10:59:47+00:00\" \/>\n<meta name=\"twitter:card\" content=\"summary_large_image\" \/>\n<meta name=\"twitter:label1\" content=\"Dur\u00e9e de lecture estim\u00e9e\" \/>\n\t<meta name=\"twitter:data1\" content=\"1 minute\" \/>\n<script type=\"application\/ld+json\" class=\"yoast-schema-graph\">{\"@context\":\"https:\\\/\\\/schema.org\",\"@graph\":[{\"@type\":\"WebPage\",\"@id\":\"https:\\\/\\\/naturgesund-bw.de\\\/heilbaeder-und-kurorte\\\/\",\"url\":\"https:\\\/\\\/naturgesund-bw.de\\\/heilbaeder-und-kurorte\\\/\",\"name\":\"Heilb\u00e4der und Kurorte in Baden-W\u00fcrttemberg\",\"isPartOf\":{\"@id\":\"https:\\\/\\\/naturgesund-bw.de\\\/#website\"},\"datePublished\":\"2023-11-06T10:45:15+00:00\",\"dateModified\":\"2025-09-30T10:59:47+00:00\",\"description\":\"Erleben Sie die Vielfalt von 54 Heilb\u00e4dern und Kurorten in Baden-W\u00fcrttemberg \u2013 ma\u00dfgeschneiderte Angebote f\u00fcr alle Altersgruppen erwarten Sie!\",\"breadcrumb\":{\"@id\":\"https:\\\/\\\/naturgesund-bw.de\\\/heilbaeder-und-kurorte\\\/#breadcrumb\"},\"inLanguage\":\"fr-FR\",\"potentialAction\":[{\"@type\":\"ReadAction\",\"target\":[\"https:\\\/\\\/naturgesund-bw.de\\\/heilbaeder-und-kurorte\\\/\"]}]},{\"@type\":\"BreadcrumbList\",\"@id\":\"https:\\\/\\\/naturgesund-bw.de\\\/heilbaeder-und-kurorte\\\/#breadcrumb\",\"itemListElement\":[{\"@type\":\"ListItem\",\"position\":1,\"name\":\"Startseite\",\"item\":\"https:\\\/\\\/naturgesund-bw.de\\\/\"},{\"@type\":\"ListItem\",\"position\":2,\"name\":\"Heilb\u00e4der und Kurorte\"}]},{\"@type\":\"WebSite\",\"@id\":\"https:\\\/\\\/naturgesund-bw.de\\\/#website\",\"url\":\"https:\\\/\\\/naturgesund-bw.de\\\/\",\"name\":\"HKM Heilb\u00e4der und Kurorte Marketing GmbH Baden-W\u00fcrttemberg\",\"description\":\"\",\"publisher\":{\"@id\":\"https:\\\/\\\/naturgesund-bw.de\\\/#organization\"},\"potentialAction\":[{\"@type\":\"SearchAction\",\"target\":{\"@type\":\"EntryPoint\",\"urlTemplate\":\"https:\\\/\\\/naturgesund-bw.de\\\/?s={search_term_string}\"},\"query-input\":{\"@type\":\"PropertyValueSpecification\",\"valueRequired\":true,\"valueName\":\"search_term_string\"}}],\"inLanguage\":\"fr-FR\"},{\"@type\":\"Organization\",\"@id\":\"https:\\\/\\\/naturgesund-bw.de\\\/#organization\",\"name\":\"HKM Heilb\u00e4der und Kurorte Marketing GmbH Baden-W\u00fcrttemberg\",\"url\":\"https:\\\/\\\/naturgesund-bw.de\\\/\",\"logo\":{\"@type\":\"ImageObject\",\"inLanguage\":\"fr-FR\",\"@id\":\"https:\\\/\\\/naturgesund-bw.de\\\/#\\\/schema\\\/logo\\\/image\\\/\",\"url\":\"https:\\\/\\\/naturgesund-bw.de\\\/wp-content\\\/uploads\\\/2023\\\/10\\\/HKM-Logo.png\",\"contentUrl\":\"https:\\\/\\\/naturgesund-bw.de\\\/wp-content\\\/uploads\\\/2023\\\/10\\\/HKM-Logo.png\",\"width\":559,\"height\":89,\"caption\":\"HKM Heilb\u00e4der und Kurorte Marketing GmbH Baden-W\u00fcrttemberg\"},\"image\":{\"@id\":\"https:\\\/\\\/naturgesund-bw.de\\\/#\\\/schema\\\/logo\\\/image\\\/\"},\"sameAs\":[\"https:\\\/\\\/www.facebook.com\\\/naturerholt\\\/\",\"https:\\\/\\\/www.instagram.com\\\/natur.erholt\\\/\",\"https:\\\/\\\/www.tiktok.com\\\/@natur.erholt\"]}]}<\/script>\n<!-- \/ Yoast SEO plugin. -->","yoast_head_json":{"title":"Stations thermales et stations de cure dans le Bade-Wurtemberg","description":"Erleben Sie die Vielfalt von 54 Heilb\u00e4dern und Kurorten in Baden-W\u00fcrttemberg \u2013 ma\u00dfgeschneiderte Angebote f\u00fcr alle Altersgruppen erwarten Sie!","robots":{"index":"index","follow":"follow","max-snippet":"max-snippet:-1","max-image-preview":"max-image-preview:large","max-video-preview":"max-video-preview:-1"},"canonical":"https:\/\/naturgesund-bw.de\/fr\/heilbaeder-und-kurorte\/","og_locale":"fr_FR","og_type":"article","og_title":"Heilb\u00e4der und Kurorte in Baden-W\u00fcrttemberg","og_description":"Erleben Sie die Vielfalt von 54 Heilb\u00e4dern und Kurorten in Baden-W\u00fcrttemberg \u2013 ma\u00dfgeschneiderte Angebote f\u00fcr alle Altersgruppen erwarten Sie!","og_url":"https:\/\/naturgesund-bw.de\/fr\/heilbaeder-und-kurorte\/","og_site_name":"naturgesund translate","article_publisher":"https:\/\/www.facebook.com\/naturerholt\/","article_modified_time":"2025-09-30T10:59:47+00:00","twitter_card":"summary_large_image","twitter_misc":{"Dur\u00e9e de lecture estim\u00e9e":"1 minute"},"schema":{"@context":"https:\/\/schema.org","@graph":[{"@type":"WebPage","@id":"https:\/\/naturgesund-bw.de\/heilbaeder-und-kurorte\/","url":"https:\/\/naturgesund-bw.de\/heilbaeder-und-kurorte\/","name":"Stations thermales et stations de cure dans le Bade-Wurtemberg","isPartOf":{"@id":"https:\/\/naturgesund-bw.de\/#website"},"datePublished":"2023-11-06T10:45:15+00:00","dateModified":"2025-09-30T10:59:47+00:00","description":"Erleben Sie die Vielfalt von 54 Heilb\u00e4dern und Kurorten in Baden-W\u00fcrttemberg \u2013 ma\u00dfgeschneiderte Angebote f\u00fcr alle Altersgruppen erwarten Sie!","breadcrumb":{"@id":"https:\/\/naturgesund-bw.de\/heilbaeder-und-kurorte\/#breadcrumb"},"inLanguage":"fr-FR","potentialAction":[{"@type":"ReadAction","target":["https:\/\/naturgesund-bw.de\/heilbaeder-und-kurorte\/"]}]},{"@type":"BreadcrumbList","@id":"https:\/\/naturgesund-bw.de\/heilbaeder-und-kurorte\/#breadcrumb","itemListElement":[{"@type":"ListItem","position":1,"name":"Startseite","item":"https:\/\/naturgesund-bw.de\/"},{"@type":"ListItem","position":2,"name":"Heilb\u00e4der und Kurorte"}]},{"@type":"WebSite","@id":"https:\/\/naturgesund-bw.de\/#website","url":"https:\/\/naturgesund-bw.de\/","name":"HKM Heilb\u00e4der und Kurorte Marketing GmbH Baden-W\u00fcrttemberg","description":"","publisher":{"@id":"https:\/\/naturgesund-bw.de\/#organization"},"potentialAction":[{"@type":"SearchAction","target":{"@type":"EntryPoint","urlTemplate":"https:\/\/naturgesund-bw.de\/?s={search_term_string}"},"query-input":{"@type":"PropertyValueSpecification","valueRequired":true,"valueName":"search_term_string"}}],"inLanguage":"fr-FR"},{"@type":"Organization","@id":"https:\/\/naturgesund-bw.de\/#organization","name":"HKM Heilb\u00e4der und Kurorte Marketing GmbH Baden-W\u00fcrttemberg","url":"https:\/\/naturgesund-bw.de\/","logo":{"@type":"ImageObject","inLanguage":"fr-FR","@id":"https:\/\/naturgesund-bw.de\/#\/schema\/logo\/image\/","url":"https:\/\/naturgesund-bw.de\/wp-content\/uploads\/2023\/10\/HKM-Logo.png","contentUrl":"https:\/\/naturgesund-bw.de\/wp-content\/uploads\/2023\/10\/HKM-Logo.png","width":559,"height":89,"caption":"HKM Heilb\u00e4der und Kurorte Marketing GmbH Baden-W\u00fcrttemberg"},"image":{"@id":"https:\/\/naturgesund-bw.de\/#\/schema\/logo\/image\/"},"sameAs":["https:\/\/www.facebook.com\/naturerholt\/","https:\/\/www.instagram.com\/natur.erholt\/","https:\/\/www.tiktok.com\/@natur.erholt"]}]}},"_links":{"self":[{"href":"https:\/\/naturgesund-bw.de\/fr\/wp-json\/wp\/v2\/pages\/3790","targetHints":{"allow":["GET"]}}],"collection":[{"href":"https:\/\/naturgesund-bw.de\/fr\/wp-json\/wp\/v2\/pages"}],"about":[{"href":"https:\/\/naturgesund-bw.de\/fr\/wp-json\/wp\/v2\/types\/page"}],"author":[{"embeddable":true,"href":"https:\/\/naturgesund-bw.de\/fr\/wp-json\/wp\/v2\/users\/1"}],"replies":[{"embeddable":true,"href":"https:\/\/naturgesund-bw.de\/fr\/wp-json\/wp\/v2\/comments?post=3790"}],"version-history":[{"count":10,"href":"https:\/\/naturgesund-bw.de\/fr\/wp-json\/wp\/v2\/pages\/3790\/revisions"}],"predecessor-version":[{"id":9286,"href":"https:\/\/naturgesund-bw.de\/fr\/wp-json\/wp\/v2\/pages\/3790\/revisions\/9286"}],"wp:attachment":[{"href":"https:\/\/naturgesund-bw.de\/fr\/wp-json\/wp\/v2\/media?parent=3790"}],"curies":[{"name":"wp","href":"https:\/\/api.w.org\/{rel}","templated":true}]}}